{"id":43581,"date":"2025-03-20T14:02:49","date_gmt":"2025-03-20T13:02:49","guid":{"rendered":"https:\/\/dev.dwgtrading.com\/datenschutzbestimmungen\/"},"modified":"2026-02-09T16:18:41","modified_gmt":"2026-02-09T15:18:41","slug":"datenschutzbestimmungen","status":"publish","type":"page","link":"https:\/\/dev.dwgtrading.com\/de\/datenschutzbestimmungen\/","title":{"rendered":"Datenschutzbestimmungen"},"content":{"rendered":"<div class=\"wpb-content-wrapper\"><p>[vc_section woodmart_stretch_content=&#8220;section-stretch&#8220; woodmart_css_id=&#8220;67e27f13dcd24&#8243; responsive_spacing=&#8220;eyJwYXJhbV90eXBlIjoid29vZG1hcnRfcmVzcG9uc2l2ZV9zcGFjaW5nIiwic2VsZWN0b3JfaWQiOiI2N2UyN2YxM2RjZDI0Iiwic2hvcnRjb2RlIjoidmNfc2VjdGlvbiIsImRhdGEiOnsidGFibGV0Ijp7fSwibW9iaWxlIjp7fX19&#8243; mobile_bg_img_hidden=&#8220;no&#8220; tablet_bg_img_hidden=&#8220;no&#8220; woodmart_parallax=&#8220;0&#8243; woodmart_gradient_switch=&#8220;no&#8220; woodmart_box_shadow=&#8220;no&#8220; wd_z_index=&#8220;no&#8220; woodmart_disable_overflow=&#8220;0&#8243; css=&#8220;.vc_custom_1742896919155{margin-top: -40px !important;margin-bottom: 30px !important;padding-top: 0px !important;padding-bottom: 20px !important;background-color: #F3F3F3 !important;}&#8220;][vc_row css=&#8220;.vc_custom_1742824586723{margin-bottom: 40px !important;background-color: #FFFFFF00 !important;}&#8220; woodmart_css_id=&#8220;67e1648709078&#8243; responsive_spacing=&#8220;eyJwYXJhbV90eXBlIjoid29vZG1hcnRfcmVzcG9uc2l2ZV9zcGFjaW5nIiwic2VsZWN0b3JfaWQiOiI2N2UxNjQ4NzA5MDc4Iiwic2hvcnRjb2RlIjoidmNfcm93IiwiZGF0YSI6eyJ0YWJsZXQiOnt9LCJtb2JpbGUiOnt9fX0=&#8220; mobile_bg_img_hidden=&#8220;no&#8220; tablet_bg_img_hidden=&#8220;no&#8220; woodmart_parallax=&#8220;0&#8243; woodmart_gradient_switch=&#8220;no&#8220; woodmart_box_shadow=&#8220;no&#8220; wd_z_index=&#8220;no&#8220; woodmart_disable_overflow=&#8220;0&#8243; row_reverse_mobile=&#8220;0&#8243; row_reverse_tablet=&#8220;0&#8243;][vc_column woodmart_css_id=&#8220;67e27f0574315&#8243; parallax_scroll=&#8220;no&#8220; woodmart_sticky_column=&#8220;false&#8220; wd_collapsible_content_switcher=&#8220;no&#8220; wd_column_role_offcanvas_desktop=&#8220;no&#8220; wd_column_role_offcanvas_tablet=&#8220;no&#8220; wd_column_role_offcanvas_mobile=&#8220;no&#8220; wd_column_role_content_desktop=&#8220;no&#8220; wd_column_role_content_tablet=&#8220;no&#8220; wd_column_role_content_mobile=&#8220;no&#8220; mobile_bg_img_hidden=&#8220;no&#8220; tablet_bg_img_hidden=&#8220;no&#8220; woodmart_parallax=&#8220;0&#8243; woodmart_box_shadow=&#8220;no&#8220; responsive_spacing=&#8220;eyJwYXJhbV90eXBlIjoid29vZG1hcnRfcmVzcG9uc2l2ZV9zcGFjaW5nIiwic2VsZWN0b3JfaWQiOiI2N2UyN2YwNTc0MzE1Iiwic2hvcnRjb2RlIjoidmNfY29sdW1uIiwiZGF0YSI6eyJ0YWJsZXQiOnt9LCJtb2JpbGUiOnt9fX0=&#8220; mobile_reset_margin=&#8220;no&#8220; tablet_reset_margin=&#8220;no&#8220; wd_z_index=&#8220;no&#8220; css=&#8220;.vc_custom_1742896904770{padding-top: 0px !important;}&#8220;]\n\t\t<div id=\"wd-67e2807ab80ff\" class=\"title-wrapper wd-wpb wd-set-mb reset-last-child  wd-rs-67e2807ab80ff wd-title-color-default wd-title-style-default text-center  wd-underline-colored\">\n\t\t\t\n\t\t\t<div class=\"liner-continer\">\n\t\t\t\t<h3 class=\"woodmart-title-container title  wd-font-weight- wd-fontsize-xxxl\" >Datenschutzrichtlinie DWG<\/h3>\n\t\t\t\t\t\t\t<\/div>\n\t\t\t\n\t\t\t\t\t\t\t<div class=\"title-after_title reset-last-child  wd-fontsize-s\">Version 0.1 Diese Seite wurde zuletzt am 21. November 2024 ge\u00e4ndert. Wir sind uns bewusst, dass Sie uns Ihr Vertrauen schenken. Wir sehen es daher als unsere Verantwortung an, Ihre Privatsph\u00e4re zu sch\u00fctzen. Auf dieser Seite erfahren Sie, welche Daten wir sammeln, wenn Sie unsere Website nutzen, warum wir diese Daten sammeln und wie wir Ihre Nutzererfahrung verbessern. Auf diese Weise verstehen Sie genau, wie wir arbeiten. Diese Datenschutzrichtlinie gilt f\u00fcr die Dienstleistungen von DWG. Sie sollten sich dar\u00fcber im Klaren sein, dass die DWG nicht f\u00fcr die Datenschutzrichtlinien anderer Websites und Quellen verantwortlich ist. Durch die Nutzung dieser Website erkl\u00e4ren Sie, dass Sie die Datenschutzbestimmungen akzeptieren. Die DWG respektiert die Privatsph\u00e4re aller Nutzer ihrer Website und stellt sicher, dass die von Ihnen zur Verf\u00fcgung gestellten pers\u00f6nlichen Daten vertraulich behandelt werden.        <\/div>\n\t\t\t\n\t\t\t\n\t\t<\/div>\n\t\t\n\t\t[\/vc_column][\/vc_row][\/vc_section][vc_row woodmart_css_id=&#8220;67e27cf6dd128&#8243; responsive_spacing=&#8220;eyJwYXJhbV90eXBlIjoid29vZG1hcnRfcmVzcG9uc2l2ZV9zcGFjaW5nIiwic2VsZWN0b3JfaWQiOiI2N2UyN2NmNmRkMTI4Iiwic2hvcnRjb2RlIjoidmNfcm93IiwiZGF0YSI6eyJ0YWJsZXQiOnt9LCJtb2JpbGUiOnt9fX0=&#8220; mobile_bg_img_hidden=&#8220;no&#8220; tablet_bg_img_hidden=&#8220;no&#8220; woodmart_parallax=&#8220;0&#8243; woodmart_gradient_switch=&#8220;no&#8220; woodmart_box_shadow=&#8220;no&#8220; wd_z_index=&#8220;no&#8220; woodmart_disable_overflow=&#8220;0&#8243; row_reverse_mobile=&#8220;0&#8243; row_reverse_tablet=&#8220;0&#8243;][vc_column][vc_column_text css=&#8220;&#8220; woodmart_inline=&#8220;no&#8220; text_larger=&#8220;no&#8220;]<\/p>\n<h3 style=\"font-weight: 400;\"><strong>Unsere Verwendung der gesammelten Daten<\/strong><\/h3>\n<h3 style=\"font-weight: 400;\"><strong>Inanspruchnahme unserer Dienstleistungen<\/strong><\/h3>\n<p style=\"font-weight: 400;\">Wenn Sie sich f\u00fcr einen unserer Dienste registrieren, bitten wir Sie um die Angabe pers\u00f6nlicher Daten. Diese Daten werden verwendet, um die Dienstleistung zu erbringen. Die Daten werden auf den eigenen sicheren Servern der DWG oder denen eines Dritten gespeichert. Wir werden diese Daten nicht mit anderen uns vorliegenden pers\u00f6nlichen Daten kombinieren.   <\/p>\n<h3 style=\"font-weight: 400;\"><strong>Kommunikation<\/strong><\/h3>\n<p style=\"font-weight: 400;\">Wenn Sie uns E-Mails oder andere Nachrichten senden, k\u00f6nnen wir diese Nachrichten aufbewahren. Manchmal bitten wir Sie um Ihre pers\u00f6nlichen Daten, die f\u00fcr die jeweilige Situation relevant sind. Dies erm\u00f6glicht es uns, Ihre Fragen zu bearbeiten und Ihre Anfragen zu beantworten. Die Daten werden auf den eigenen sicheren Servern der DWG oder denen eines Dritten gespeichert. Wir werden diese Daten nicht mit anderen uns vorliegenden personenbezogenen Daten kombinieren.    <\/p>\n<h3 style=\"font-weight: 400;\"><strong>Cookies<\/strong><\/h3>\n<p style=\"font-weight: 400;\">Wir sammeln Daten zu Forschungszwecken, um ein besseres Verst\u00e4ndnis unserer Kunden zu gewinnen, damit wir unsere Dienstleistungen entsprechend anpassen k\u00f6nnen. Diese Website verwendet &#8222;Cookies&#8220; (Textdateien, die auf Ihrem Computer gespeichert werden), damit die Website analysieren kann, wie die Benutzer die Website nutzen. Die von dem Cookie erzeugten Informationen \u00fcber Ihre Nutzung der Website k\u00f6nnen an die eigenen sicheren Server der DWG oder die eines Dritten \u00fcbertragen werden. Wir verwenden diese Informationen, um zu verfolgen, wie Sie die Website nutzen, um Berichte \u00fcber die Website-Aktivit\u00e4ten zu erstellen und um andere Dienstleistungen in Bezug auf die Website-Aktivit\u00e4ten und die Internetnutzung anzubieten.   <\/p>\n<h3 style=\"font-weight: 400;\"><strong>Verwendungszwecke<\/strong><\/h3>\n<p style=\"font-weight: 400;\">Wir sammeln oder verwenden keine Informationen f\u00fcr andere als die in dieser Datenschutzerkl\u00e4rung beschriebenen Zwecke, es sei denn, wir haben vorher Ihre Zustimmung eingeholt.<\/p>\n<h3 style=\"font-weight: 400;\"><strong>Dritte Parteien<\/strong><\/h3>\n<p style=\"font-weight: 400;\">Die Informationen werden nicht an Dritte weitergegeben. In einigen F\u00e4llen k\u00f6nnen die Informationen intern weitergegeben werden. Unsere Mitarbeiter sind verpflichtet, die Vertraulichkeit Ihrer Daten zu wahren.  <\/p>\n<h3 style=\"font-weight: 400;\"><strong>\u00c4nderungen<\/strong><\/h3>\n<p style=\"font-weight: 400;\">Diese Datenschutzerkl\u00e4rung ist auf die Nutzung und die Optionen auf dieser Website zugeschnitten. Jegliche Anpassungen und\/oder \u00c4nderungen an dieser Website k\u00f6nnen zu \u00c4nderungen dieser Datenschutzerkl\u00e4rung f\u00fchren. Es ist daher ratsam, diese Datenschutzerkl\u00e4rung regelm\u00e4\u00dfig zu lesen.  <\/p>\n<h3 style=\"font-weight: 400;\"><strong>Wahlm\u00f6glichkeiten f\u00fcr pers\u00f6nliche Daten<\/strong><\/h3>\n<p style=\"font-weight: 400;\">Wir bieten allen Besuchern die M\u00f6glichkeit, alle pers\u00f6nlichen Daten, die uns zu diesem Zeitpunkt zur Verf\u00fcgung gestellt wurden, einzusehen, zu \u00e4ndern oder zu l\u00f6schen.<\/p>\n<h3 style=\"font-weight: 400;\"><strong>Anpassen\/Abbestellen des Newsletter-Dienstes<\/strong><\/h3>\n<p style=\"font-weight: 400;\">Am Ende jedes Mailings finden Sie die M\u00f6glichkeit, Ihre Daten zu \u00e4ndern oder sich abzumelden.<\/p>\n<h3 style=\"font-weight: 400;\"><strong>Kommunikation anpassen\/abbestellen<\/strong><\/h3>\n<p style=\"font-weight: 400;\">Wenn Sie Ihre Daten \u00e4ndern oder sich aus unseren Dateien entfernen m\u00f6chten, k\u00f6nnen Sie uns kontaktieren. Siehe Kontaktinformationen unten. <\/p>\n<h3 style=\"font-weight: 400;\"><strong>Cookies deaktivieren<\/strong><\/h3>\n<p style=\"font-weight: 400;\">Die meisten Browser sind so eingestellt, dass sie Cookies standardm\u00e4\u00dfig akzeptieren. Sie k\u00f6nnen Ihren Browser jedoch so einstellen, dass er alle Cookies ablehnt oder anzeigt, wenn ein Cookie gesendet wird. Einige Funktionen und Dienste auf unserer und anderen Websites funktionieren jedoch m\u00f6glicherweise nicht richtig, wenn Cookies in Ihrem Browser deaktiviert sind. <\/p>\n<h3 style=\"font-weight: 400;\"><strong>Fragen und Feedback<\/strong><\/h3>\n<p style=\"font-weight: 400;\">Wir \u00fcberpr\u00fcfen regelm\u00e4\u00dfig, ob wir diese Datenschutzrichtlinie einhalten. Wenn Sie Fragen zu dieser Datenschutzrichtlinie haben, nehmen Sie bitte Kontakt mit uns auf: DWG, Biezenkamp 1, 6691EJ Gendt, <a href=\"tel:+31481424303\">+31481 424303<\/a>, <a href=\"mailto:info@dwgtrading.com\">info@dwgtrading.com<\/a> <\/p>\n<p>[\/vc_column_text][\/vc_column][\/vc_row]<\/p>\n<\/div>","protected":false},"excerpt":{"rendered":"<p>[vc_section woodmart_stretch_content=&#8220;section-stretch&#8220; woodmart_css_id=&#8220;67e27f13dcd24&#8243; responsive_spacing=&#8220;eyJwYXJhbV90eXBlIjoid29vZG1hcnRfcmVzcG9uc2l2ZV9zcGFjaW5nIiwic2VsZWN0b3JfaWQiOiI2N2UyN2YxM2RjZDI0Iiwic2hvcnRjb2RlIjoidmNfc2VjdGlvbiIsImRhdGEiOnsidGFibGV0Ijp7fSwibW9iaWxlIjp7fX19&#8243; mobile_bg_img_hidden=&#8220;no&#8220; tablet_bg_img_hidden=&#8220;no&#8220; woodmart_parallax=&#8220;0&#8243; woodmart_gradient_switch=&#8220;no&#8220; woodmart_box_shadow=&#8220;no&#8220; wd_z_index=&#8220;no&#8220; woodmart_disable_overflow=&#8220;0&#8243; css=&#8220;.vc_custom_1742896919155{margin-top: -40px !important;margin-bottom: 30px !important;padding-top: 0px !important;padding-bottom: 20px !important;background-color:<\/p>\n","protected":false},"author":3,"featured_media":0,"parent":0,"menu_order":0,"comment_status":"closed","ping_status":"closed","template":"","meta":{"footnotes":""},"class_list":["post-43581","page","type-page","status-publish","hentry"],"yoast_head":"<!-- This site is optimized with the Yoast SEO plugin v26.9 - https:\/\/yoast.com\/product\/yoast-seo-wordpress\/ -->\n<title>Datenschutzbestimmungen - DWG Trading<\/title>\n<meta name=\"robots\" content=\"index, follow, max-snippet:-1, max-image-preview:large, max-video-preview:-1\" \/>\n<link rel=\"canonical\" href=\"https:\/\/dev.dwgtrading.com\/de\/datenschutzbestimmungen\/\" \/>\n<meta property=\"og:locale\" content=\"de_DE\" \/>\n<meta property=\"og:type\" content=\"article\" \/>\n<meta property=\"og:title\" content=\"Datenschutzbestimmungen - DWG Trading\" \/>\n<meta property=\"og:description\" content=\"[vc_section woodmart_stretch_content=&#8220;section-stretch&#8220; woodmart_css_id=&#8220;67e27f13dcd24&#8243; responsive_spacing=&#8220;eyJwYXJhbV90eXBlIjoid29vZG1hcnRfcmVzcG9uc2l2ZV9zcGFjaW5nIiwic2VsZWN0b3JfaWQiOiI2N2UyN2YxM2RjZDI0Iiwic2hvcnRjb2RlIjoidmNfc2VjdGlvbiIsImRhdGEiOnsidGFibGV0Ijp7fSwibW9iaWxlIjp7fX19&#8243; mobile_bg_img_hidden=&#8220;no&#8220; tablet_bg_img_hidden=&#8220;no&#8220; woodmart_parallax=&#8220;0&#8243; woodmart_gradient_switch=&#8220;no&#8220; woodmart_box_shadow=&#8220;no&#8220; wd_z_index=&#8220;no&#8220; woodmart_disable_overflow=&#8220;0&#8243; css=&#8220;.vc_custom_1742896919155{margin-top: -40px !important;margin-bottom: 30px !important;padding-top: 0px !important;padding-bottom: 20px !important;background-color:\" \/>\n<meta property=\"og:url\" content=\"https:\/\/dev.dwgtrading.com\/de\/datenschutzbestimmungen\/\" \/>\n<meta property=\"og:site_name\" content=\"DWG Trading\" \/>\n<meta property=\"article:modified_time\" content=\"2026-02-09T15:18:41+00:00\" \/>\n<meta name=\"twitter:card\" content=\"summary_large_image\" \/>\n<meta name=\"twitter:label1\" content=\"Gesch\u00e4tzte Lesezeit\" \/>\n\t<meta name=\"twitter:data1\" content=\"6\u00a0Minuten\" \/>\n<script type=\"application\/ld+json\" class=\"yoast-schema-graph\">{\"@context\":\"https:\/\/schema.org\",\"@graph\":[{\"@type\":\"WebPage\",\"@id\":\"https:\/\/dev.dwgtrading.com\/de\/datenschutzbestimmungen\/\",\"url\":\"https:\/\/dev.dwgtrading.com\/de\/datenschutzbestimmungen\/\",\"name\":\"Datenschutzbestimmungen - DWG Trading\",\"isPartOf\":{\"@id\":\"https:\/\/dev.dwgtrading.com\/de\/#website\"},\"datePublished\":\"2025-03-20T13:02:49+00:00\",\"dateModified\":\"2026-02-09T15:18:41+00:00\",\"breadcrumb\":{\"@id\":\"https:\/\/dev.dwgtrading.com\/de\/datenschutzbestimmungen\/#breadcrumb\"},\"inLanguage\":\"de\",\"potentialAction\":[{\"@type\":\"ReadAction\",\"target\":[\"https:\/\/dev.dwgtrading.com\/de\/datenschutzbestimmungen\/\"]}]},{\"@type\":\"BreadcrumbList\",\"@id\":\"https:\/\/dev.dwgtrading.com\/de\/datenschutzbestimmungen\/#breadcrumb\",\"itemListElement\":[{\"@type\":\"ListItem\",\"position\":1,\"name\":\"Home\",\"item\":\"https:\/\/dev.dwgtrading.com\/de\/startseite\/\"},{\"@type\":\"ListItem\",\"position\":2,\"name\":\"Datenschutzbestimmungen\"}]},{\"@type\":\"WebSite\",\"@id\":\"https:\/\/dev.dwgtrading.com\/de\/#website\",\"url\":\"https:\/\/dev.dwgtrading.com\/de\/\",\"name\":\"DWG Trading\",\"description\":\"DWG-supplies &amp; services\",\"potentialAction\":[{\"@type\":\"SearchAction\",\"target\":{\"@type\":\"EntryPoint\",\"urlTemplate\":\"https:\/\/dev.dwgtrading.com\/de\/?s={search_term_string}\"},\"query-input\":{\"@type\":\"PropertyValueSpecification\",\"valueRequired\":true,\"valueName\":\"search_term_string\"}}],\"inLanguage\":\"de\"}]}<\/script>\n<!-- \/ Yoast SEO plugin. -->","yoast_head_json":{"title":"Datenschutzbestimmungen - DWG Trading","robots":{"index":"index","follow":"follow","max-snippet":"max-snippet:-1","max-image-preview":"max-image-preview:large","max-video-preview":"max-video-preview:-1"},"canonical":"https:\/\/dev.dwgtrading.com\/de\/datenschutzbestimmungen\/","og_locale":"de_DE","og_type":"article","og_title":"Datenschutzbestimmungen - DWG Trading","og_description":"[vc_section woodmart_stretch_content=&#8220;section-stretch&#8220; woodmart_css_id=&#8220;67e27f13dcd24&#8243; responsive_spacing=&#8220;eyJwYXJhbV90eXBlIjoid29vZG1hcnRfcmVzcG9uc2l2ZV9zcGFjaW5nIiwic2VsZWN0b3JfaWQiOiI2N2UyN2YxM2RjZDI0Iiwic2hvcnRjb2RlIjoidmNfc2VjdGlvbiIsImRhdGEiOnsidGFibGV0Ijp7fSwibW9iaWxlIjp7fX19&#8243; mobile_bg_img_hidden=&#8220;no&#8220; tablet_bg_img_hidden=&#8220;no&#8220; woodmart_parallax=&#8220;0&#8243; woodmart_gradient_switch=&#8220;no&#8220; woodmart_box_shadow=&#8220;no&#8220; wd_z_index=&#8220;no&#8220; woodmart_disable_overflow=&#8220;0&#8243; css=&#8220;.vc_custom_1742896919155{margin-top: -40px !important;margin-bottom: 30px !important;padding-top: 0px !important;padding-bottom: 20px !important;background-color:","og_url":"https:\/\/dev.dwgtrading.com\/de\/datenschutzbestimmungen\/","og_site_name":"DWG Trading","article_modified_time":"2026-02-09T15:18:41+00:00","twitter_card":"summary_large_image","twitter_misc":{"Gesch\u00e4tzte Lesezeit":"6\u00a0Minuten"},"schema":{"@context":"https:\/\/schema.org","@graph":[{"@type":"WebPage","@id":"https:\/\/dev.dwgtrading.com\/de\/datenschutzbestimmungen\/","url":"https:\/\/dev.dwgtrading.com\/de\/datenschutzbestimmungen\/","name":"Datenschutzbestimmungen - DWG Trading","isPartOf":{"@id":"https:\/\/dev.dwgtrading.com\/de\/#website"},"datePublished":"2025-03-20T13:02:49+00:00","dateModified":"2026-02-09T15:18:41+00:00","breadcrumb":{"@id":"https:\/\/dev.dwgtrading.com\/de\/datenschutzbestimmungen\/#breadcrumb"},"inLanguage":"de","potentialAction":[{"@type":"ReadAction","target":["https:\/\/dev.dwgtrading.com\/de\/datenschutzbestimmungen\/"]}]},{"@type":"BreadcrumbList","@id":"https:\/\/dev.dwgtrading.com\/de\/datenschutzbestimmungen\/#breadcrumb","itemListElement":[{"@type":"ListItem","position":1,"name":"Home","item":"https:\/\/dev.dwgtrading.com\/de\/startseite\/"},{"@type":"ListItem","position":2,"name":"Datenschutzbestimmungen"}]},{"@type":"WebSite","@id":"https:\/\/dev.dwgtrading.com\/de\/#website","url":"https:\/\/dev.dwgtrading.com\/de\/","name":"DWG Trading","description":"DWG-supplies &amp; services","potentialAction":[{"@type":"SearchAction","target":{"@type":"EntryPoint","urlTemplate":"https:\/\/dev.dwgtrading.com\/de\/?s={search_term_string}"},"query-input":{"@type":"PropertyValueSpecification","valueRequired":true,"valueName":"search_term_string"}}],"inLanguage":"de"}]}},"_links":{"self":[{"href":"https:\/\/dev.dwgtrading.com\/de\/wp-json\/wp\/v2\/pages\/43581","targetHints":{"allow":["GET"]}}],"collection":[{"href":"https:\/\/dev.dwgtrading.com\/de\/wp-json\/wp\/v2\/pages"}],"about":[{"href":"https:\/\/dev.dwgtrading.com\/de\/wp-json\/wp\/v2\/types\/page"}],"author":[{"embeddable":true,"href":"https:\/\/dev.dwgtrading.com\/de\/wp-json\/wp\/v2\/users\/3"}],"replies":[{"embeddable":true,"href":"https:\/\/dev.dwgtrading.com\/de\/wp-json\/wp\/v2\/comments?post=43581"}],"version-history":[{"count":2,"href":"https:\/\/dev.dwgtrading.com\/de\/wp-json\/wp\/v2\/pages\/43581\/revisions"}],"predecessor-version":[{"id":43583,"href":"https:\/\/dev.dwgtrading.com\/de\/wp-json\/wp\/v2\/pages\/43581\/revisions\/43583"}],"wp:attachment":[{"href":"https:\/\/dev.dwgtrading.com\/de\/wp-json\/wp\/v2\/media?parent=43581"}],"curies":[{"name":"wp","href":"https:\/\/api.w.org\/{rel}","templated":true}]}}